{"id":265,"date":"2024-08-22T11:37:40","date_gmt":"2024-08-22T09:37:40","guid":{"rendered":"https:\/\/iag-recursos.azurewebsites.net\/?page_id=265"},"modified":"2024-09-20T11:49:00","modified_gmt":"2024-09-20T09:49:00","slug":"1-1-introduccion","status":"publish","type":"page","link":"https:\/\/iag.recursos.uoc.edu\/es\/","title":{"rendered":"1.1. Introducci\u00f3n"},"content":{"rendered":"<p>La\u00a0<b>inteligencia artificial generativa (IAG)\u00a0<\/b>es una rama de la inteligencia artificial (IA) que se centra en la creaci\u00f3n de modelos de datos capaces de generar nuevo contenido. A diferencia de otros m\u00e9todos de IA que se limitan a analizar datos existentes o a resolver problemas espec\u00edficos, la IAG tiene la capacidad de imaginar, crear y producir informaci\u00f3n, im\u00e1genes, textos u otras formas de contenido.<\/p>\n<p>La IAG utiliza redes neuronales, que pueden aprender patrones y caracter\u00edsticas complejas a partir de conjuntos de datos de entrenamiento, y, despu\u00e9s, utiliza esta informaci\u00f3n aprendida para generar nuevas salidas que sean coherentes y similares a los datos originales.<\/p>\n<p>A finales del a\u00f1o 2022 se hizo muy popular la IAG GPT-3.5 (<i>generative pre-trained transformer 3.5<\/i>), de la empresa OpenAI. Estos modelos son capaces de comprender y generar lenguaje natural de manera sorprendentemente coherente y diversa.<\/p>\n<p>Pero esta no fue la primera IA que se cre\u00f3 ni es el \u00fanico tipo de IA existente.<\/p>\n","protected":false},"excerpt":{"rendered":"<p>La\u00a0inteligencia artificial generativa (IAG)\u00a0es una rama de la inteligencia artificial (IA) que se centra en la creaci\u00f3n de modelos de datos capaces de generar nuevo contenido. A diferencia de otros m\u00e9todos de IA que se limitan a analizar datos existentes o a resolver problemas espec\u00edficos, la IAG tiene la capacidad de imaginar, crear y producir [&hellip;]<\/p>\n","protected":false},"author":2,"featured_media":0,"parent":0,"menu_order":0,"comment_status":"closed","ping_status":"closed","template":"","meta":{"_acf_changed":false,"footnotes":""},"acf":[],"_links":{"self":[{"href":"https:\/\/iag.recursos.uoc.edu\/es\/wp-json\/wp\/v2\/pages\/265"}],"collection":[{"href":"https:\/\/iag.recursos.uoc.edu\/es\/wp-json\/wp\/v2\/pages"}],"about":[{"href":"https:\/\/iag.recursos.uoc.edu\/es\/wp-json\/wp\/v2\/types\/page"}],"author":[{"embeddable":true,"href":"https:\/\/iag.recursos.uoc.edu\/es\/wp-json\/wp\/v2\/users\/2"}],"replies":[{"embeddable":true,"href":"https:\/\/iag.recursos.uoc.edu\/es\/wp-json\/wp\/v2\/comments?post=265"}],"version-history":[{"count":2,"href":"https:\/\/iag.recursos.uoc.edu\/es\/wp-json\/wp\/v2\/pages\/265\/revisions"}],"predecessor-version":[{"id":270,"href":"https:\/\/iag.recursos.uoc.edu\/es\/wp-json\/wp\/v2\/pages\/265\/revisions\/270"}],"wp:attachment":[{"href":"https:\/\/iag.recursos.uoc.edu\/es\/wp-json\/wp\/v2\/media?parent=265"}],"curies":[{"name":"wp","href":"https:\/\/api.w.org\/{rel}","templated":true}]}}