{"id":267,"date":"2024-08-22T11:44:33","date_gmt":"2024-08-22T09:44:33","guid":{"rendered":"https:\/\/iag-recursos.azurewebsites.net\/?page_id=267"},"modified":"2024-10-10T10:18:41","modified_gmt":"2024-10-10T08:18:41","slug":"1-2-hagamos-un-poco-de-historia","status":"publish","type":"page","link":"https:\/\/iag.recursos.uoc.edu\/es\/1-2-hagamos-un-poco-de-historia\/","title":{"rendered":"1.2. Hagamos un poco de historia"},"content":{"rendered":"<figure id=\"attachment_508\" aria-describedby=\"caption-attachment-508\" style=\"width: 729px\" class=\"wp-caption alignnone\"><img loading=\"lazy\" decoding=\"async\" class=\"wp-image-508 size-full\" src=\"\/wp-content\/uploads\/2024\/10\/PID_00302337_02.png\" alt=\"\" width=\"729\" height=\"818\" srcset=\"\/wp-content\/uploads\/2024\/10\/PID_00302337_02.png 729w, \/wp-content\/uploads\/2024\/10\/PID_00302337_02-267x300.png 267w\" sizes=\"(max-width: 729px) 100vw, 729px\" \/><figcaption id=\"caption-attachment-508\" class=\"wp-caption-text\">La l\u00ednea del tiempo<br \/>Fuente: elaboraci\u00f3n propia<\/figcaption><\/figure>\n<p>En esta l\u00ednea del tiempo de la inteligencia artificial aparecen diferentes tipos de IA que habr\u00eda que clasificar, puesto que no es lo mismo hablar de aprendizaje autom\u00e1tico que de aprendizaje profundo, por ejemplo.<\/p>\n","protected":false},"excerpt":{"rendered":"<p>En esta l\u00ednea del tiempo de la inteligencia artificial aparecen diferentes tipos de IA que habr\u00eda que clasificar, puesto que no es lo mismo hablar de aprendizaje autom\u00e1tico que de aprendizaje profundo, por ejemplo.<\/p>\n","protected":false},"author":2,"featured_media":0,"parent":0,"menu_order":0,"comment_status":"closed","ping_status":"closed","template":"","meta":{"_acf_changed":false,"footnotes":""},"acf":[],"_links":{"self":[{"href":"https:\/\/iag.recursos.uoc.edu\/es\/wp-json\/wp\/v2\/pages\/267"}],"collection":[{"href":"https:\/\/iag.recursos.uoc.edu\/es\/wp-json\/wp\/v2\/pages"}],"about":[{"href":"https:\/\/iag.recursos.uoc.edu\/es\/wp-json\/wp\/v2\/types\/page"}],"author":[{"embeddable":true,"href":"https:\/\/iag.recursos.uoc.edu\/es\/wp-json\/wp\/v2\/users\/2"}],"replies":[{"embeddable":true,"href":"https:\/\/iag.recursos.uoc.edu\/es\/wp-json\/wp\/v2\/comments?post=267"}],"version-history":[{"count":5,"href":"https:\/\/iag.recursos.uoc.edu\/es\/wp-json\/wp\/v2\/pages\/267\/revisions"}],"predecessor-version":[{"id":516,"href":"https:\/\/iag.recursos.uoc.edu\/es\/wp-json\/wp\/v2\/pages\/267\/revisions\/516"}],"wp:attachment":[{"href":"https:\/\/iag.recursos.uoc.edu\/es\/wp-json\/wp\/v2\/media?parent=267"}],"curies":[{"name":"wp","href":"https:\/\/api.w.org\/{rel}","templated":true}]}}