{"id":274,"date":"2024-08-22T11:59:35","date_gmt":"2024-08-22T09:59:35","guid":{"rendered":"https:\/\/iag-recursos.azurewebsites.net\/?page_id=274"},"modified":"2024-09-20T12:02:06","modified_gmt":"2024-09-20T10:02:06","slug":"1-4-como-se-nutren-las-iag","status":"publish","type":"page","link":"https:\/\/iag.recursos.uoc.edu\/es\/1-4-como-se-nutren-las-iag\/","title":{"rendered":"1.4. \u00bfC\u00f3mo se nutren las IAG?"},"content":{"rendered":"<p>No se conocen todas las fuentes de entrenamiento de las diferentes IAG, pero se tiene constancia de las siguientes:<\/p>\n<ul>\n<li><strong>Wikipedia<\/strong>: enciclopedia colaborativa.<\/li>\n<li><strong><em>New York Times<\/em><\/strong>: diario internacional de los Estados Unidos.<\/li>\n<li><strong>Reddit<\/strong>: una de las plataformas de redes sociales m\u00e1s grande que existe que se centra en discusiones de varios temas.<\/li>\n<li><strong>Arxiv<\/strong>: repositorio de art\u00edculos cient\u00edficos.<\/li>\n<li><strong>Github<\/strong>: plataforma de alojamiento de c\u00f3digo.<\/li>\n<li><strong>OpenSubtitles<\/strong>: plataforma con subt\u00edtulos de pel\u00edculas y series.<\/li>\n<li>Etc\u00e8tera.<\/li>\n<\/ul>\n<p>Ahora bien, tambi\u00e9n hay que indicar que muchas de las aplicaciones de IAG aprovechan las entradas de informaci\u00f3n que les suministramos para hacerle preguntas como fuente de informaci\u00f3n para sus modelos. Algunas de estas aplicaciones de IAG incorporan una opci\u00f3n en que puede indicarse que los datos introducidos no nutran la IAG. Por ejemplo, si hablamos de ChatGPT, podemos desactivar la opci\u00f3n desde el apartado de configuraciones:<\/p>\n<figure id=\"attachment_82\" aria-describedby=\"caption-attachment-82\" style=\"width: 1086px\" class=\"wp-caption alignnone\"><img loading=\"lazy\" decoding=\"async\" class=\"wp-image-82 size-full\" src=\"\/wp-content\/uploads\/2024\/08\/PID_00302336_3.jpg\" alt=\"\" width=\"1086\" height=\"602\" srcset=\"\/wp-content\/uploads\/2024\/08\/PID_00302336_3.jpg 1086w, \/wp-content\/uploads\/2024\/08\/PID_00302336_3-300x166.jpg 300w, \/wp-content\/uploads\/2024\/08\/PID_00302336_3-1024x568.jpg 1024w, \/wp-content\/uploads\/2024\/08\/PID_00302336_3-768x426.jpg 768w\" sizes=\"(max-width: 1086px) 100vw, 1086px\" \/><figcaption id=\"caption-attachment-82\" class=\"wp-caption-text\">Opci\u00f3n de configuraci\u00f3n de ChatGPT<br \/>Fuente: elaboraci\u00f3n propia<\/figcaption><\/figure>\n<p class=\"text-small\">\n","protected":false},"excerpt":{"rendered":"<p>No se conocen todas las fuentes de entrenamiento de las diferentes IAG, pero se tiene constancia de las siguientes: Wikipedia: enciclopedia colaborativa. New York Times: diario internacional de los Estados Unidos. Reddit: una de las plataformas de redes sociales m\u00e1s grande que existe que se centra en discusiones de varios temas. Arxiv: repositorio de art\u00edculos [&hellip;]<\/p>\n","protected":false},"author":2,"featured_media":0,"parent":0,"menu_order":0,"comment_status":"closed","ping_status":"closed","template":"","meta":{"_acf_changed":false,"footnotes":""},"acf":[],"_links":{"self":[{"href":"https:\/\/iag.recursos.uoc.edu\/es\/wp-json\/wp\/v2\/pages\/274"}],"collection":[{"href":"https:\/\/iag.recursos.uoc.edu\/es\/wp-json\/wp\/v2\/pages"}],"about":[{"href":"https:\/\/iag.recursos.uoc.edu\/es\/wp-json\/wp\/v2\/types\/page"}],"author":[{"embeddable":true,"href":"https:\/\/iag.recursos.uoc.edu\/es\/wp-json\/wp\/v2\/users\/2"}],"replies":[{"embeddable":true,"href":"https:\/\/iag.recursos.uoc.edu\/es\/wp-json\/wp\/v2\/comments?post=274"}],"version-history":[{"count":1,"href":"https:\/\/iag.recursos.uoc.edu\/es\/wp-json\/wp\/v2\/pages\/274\/revisions"}],"predecessor-version":[{"id":275,"href":"https:\/\/iag.recursos.uoc.edu\/es\/wp-json\/wp\/v2\/pages\/274\/revisions\/275"}],"wp:attachment":[{"href":"https:\/\/iag.recursos.uoc.edu\/es\/wp-json\/wp\/v2\/media?parent=274"}],"curies":[{"name":"wp","href":"https:\/\/api.w.org\/{rel}","templated":true}]}}