{"id":276,"date":"2024-08-22T12:06:56","date_gmt":"2024-08-22T10:06:56","guid":{"rendered":"https:\/\/iag-recursos.azurewebsites.net\/?page_id=276"},"modified":"2024-09-20T12:07:42","modified_gmt":"2024-09-20T10:07:42","slug":"1-5-que-nos-aporta-la-iag","status":"publish","type":"page","link":"https:\/\/iag.recursos.uoc.edu\/es\/1-5-que-nos-aporta-la-iag\/","title":{"rendered":"1.5. \u00bfQu\u00e9 nos aporta la IAG?"},"content":{"rendered":"<ul>\n<li><strong><b>Generaci\u00f3n de contenido creativo<\/b>:<\/strong>\n<ul>\n<li>Se usa en la creaci\u00f3n de arte generativo, dise\u00f1o de productos y otros \u00e1mbitos donde se requiera la producci\u00f3n de contenido original.<\/li>\n<li>Puede crear contenido creativo como por ejemplo im\u00e1genes, texto, v\u00eddeo, m\u00fasica, etc.<\/li>\n<\/ul>\n<\/li>\n<li><strong><b>Aumento de datos de entrenamiento<\/b>:<\/strong>\n<ul>\n<li>En tareas de aprendizaje autom\u00e1tico, la IAG puede utilizarse para aumentar conjuntos de datos de entrenamiento, de forma que se generan nuevas muestras que enriquecen la variedad y la complejidad de los datos disponibles para el modelo.<\/li>\n<\/ul>\n<\/li>\n<li><strong><b>Simulaci\u00f3n de escenarios<\/b>:<\/strong>\n<ul>\n<li>Puede utilizarse para simular situaciones y entornos para entrenar modelos de IA, como en el caso de la IA por refuerzo, en que se necesita simular interacciones con el entorno.<\/li>\n<\/ul>\n<\/li>\n<li><strong><b>Estilo y transferencia de aprendizaje<\/b>:<\/strong>\n<ul>\n<li>Puede usarse para aplicar estilos visuales o caracter\u00edsticas espec\u00edficas de una clase de datos a otra, por ejemplo, para pedir que escriba un poema utilizando el estilo de un poeta concreto.<\/li>\n<li>Permite la transferencia de aprendizaje entre dominios, como por ejemplo para aplicar el estilo de una obra de arte a una fotograf\u00eda.<\/li>\n<\/ul>\n<\/li>\n<li><strong><b>Creaci\u00f3n de contenido personalizado<\/b>:<\/strong>\n<ul>\n<li>Puede generar contenido personalizado basado en las preferencias del usuario, por ejemplo, generar recomendaciones de productos personalizadas.<\/li>\n<\/ul>\n<\/li>\n<li><strong><b>Desarrollo de sistemas de di\u00e1logo y lenguaje natural<\/b>:<\/strong>\n<ul>\n<li>En el campo del procesamiento del lenguaje natural, contribuye a la creaci\u00f3n de sistemas de di\u00e1logo m\u00e1s avanzados y a la generaci\u00f3n de texto coherente y natural.<\/li>\n<\/ul>\n<\/li>\n<li><strong><b>Simulaci\u00f3n en medicina<\/b>:<\/strong>\n<ul>\n<li>Puede utilizarse para simular datos m\u00e9dicos para la formaci\u00f3n de modelos en el campo de la medicina y la salud.<\/li>\n<\/ul>\n<\/li>\n<li><strong><b>Dise\u00f1o autom\u00e1tico<\/b>:<\/strong>\n<ul>\n<li>Es utilizada en el dise\u00f1o de productos, como por ejemplo la generaci\u00f3n autom\u00e1tica de dise\u00f1os arquitect\u00f3nicos, dise\u00f1os gr\u00e1ficos, etc.<\/li>\n<\/ul>\n<\/li>\n<li><strong><b>Investigadores en inteligencia artificial<\/b>:<\/strong>\n<ul>\n<li>Se utiliza como herramienta para la investigaci\u00f3n en otras \u00e1reas de IA, como por ejemplo la visi\u00f3n por ordenador, el procesamiento del lenguaje natural y la inteligencia artificial en general.<\/li>\n<\/ul>\n<\/li>\n<li><strong><b>Generadores de datos num\u00e9ricos<\/b>:<\/strong>\n<ul>\n<li>Puede generar n\u00fameros o datos num\u00e9ricos que sigan un cierto patr\u00f3n o distribuci\u00f3n.<\/li>\n<\/ul>\n<\/li>\n<li><strong><b>Generadores de realidad virtual (RV) y realidad aumentada (RA)<\/b>:<\/strong>\n<ul>\n<li>Puede crear escenarios, objetos e interacciones virtuales en un entorno de realidad virtual o aumentada.<\/li>\n<\/ul>\n<\/li>\n<li><strong><b>Generadores de modelado 3D<\/b>:<\/strong>\n<ul>\n<li>Puede crear objetos o escenarios 3D en varias aplicaciones, como el dise\u00f1o de videojuegos o la simulaci\u00f3n.<\/li>\n<\/ul>\n<\/li>\n<\/ul>\n<p>En resumen, la inteligencia artificial generativa aporta una potente capacidad de crear contenido nuevo y \u00fanico, y posee aplicaciones en varios sectores que van desde el arte y el dise\u00f1o hasta la simulaci\u00f3n de entornos y la mejora de modelos de IA.<\/p>\n","protected":false},"excerpt":{"rendered":"<p>Generaci\u00f3n de contenido creativo: Se usa en la creaci\u00f3n de arte generativo, dise\u00f1o de productos y otros \u00e1mbitos donde se requiera la producci\u00f3n de contenido original. Puede crear contenido creativo como por ejemplo im\u00e1genes, texto, v\u00eddeo, m\u00fasica, etc. Aumento de datos de entrenamiento: En tareas de aprendizaje autom\u00e1tico, la IAG puede utilizarse para aumentar conjuntos [&hellip;]<\/p>\n","protected":false},"author":2,"featured_media":0,"parent":0,"menu_order":0,"comment_status":"closed","ping_status":"closed","template":"","meta":{"_acf_changed":false,"footnotes":""},"acf":[],"_links":{"self":[{"href":"https:\/\/iag.recursos.uoc.edu\/es\/wp-json\/wp\/v2\/pages\/276"}],"collection":[{"href":"https:\/\/iag.recursos.uoc.edu\/es\/wp-json\/wp\/v2\/pages"}],"about":[{"href":"https:\/\/iag.recursos.uoc.edu\/es\/wp-json\/wp\/v2\/types\/page"}],"author":[{"embeddable":true,"href":"https:\/\/iag.recursos.uoc.edu\/es\/wp-json\/wp\/v2\/users\/2"}],"replies":[{"embeddable":true,"href":"https:\/\/iag.recursos.uoc.edu\/es\/wp-json\/wp\/v2\/comments?post=276"}],"version-history":[{"count":1,"href":"https:\/\/iag.recursos.uoc.edu\/es\/wp-json\/wp\/v2\/pages\/276\/revisions"}],"predecessor-version":[{"id":277,"href":"https:\/\/iag.recursos.uoc.edu\/es\/wp-json\/wp\/v2\/pages\/276\/revisions\/277"}],"wp:attachment":[{"href":"https:\/\/iag.recursos.uoc.edu\/es\/wp-json\/wp\/v2\/media?parent=276"}],"curies":[{"name":"wp","href":"https:\/\/api.w.org\/{rel}","templated":true}]}}