{"id":278,"date":"2024-08-22T12:09:31","date_gmt":"2024-08-22T10:09:31","guid":{"rendered":"https:\/\/iag-recursos.azurewebsites.net\/?page_id=278"},"modified":"2024-09-20T16:35:36","modified_gmt":"2024-09-20T14:35:36","slug":"2-1-introduccion","status":"publish","type":"page","link":"https:\/\/iag.recursos.uoc.edu\/es\/2-1-introduccion\/","title":{"rendered":"2.1. Introducci\u00f3n"},"content":{"rendered":"<p><img loading=\"lazy\" decoding=\"async\" class=\"alignnone size-medium wp-image-304\" src=\"\/wp-content\/uploads\/2024\/09\/02_eines_01_ES-300x45.png\" alt=\"\" width=\"300\" height=\"45\" srcset=\"\/wp-content\/uploads\/2024\/09\/02_eines_01_ES-300x45.png 300w, \/wp-content\/uploads\/2024\/09\/02_eines_01_ES.png 391w\" sizes=\"(max-width: 300px) 100vw, 300px\" \/><\/p>\n<ul>\n<li><strong>Entrada<\/strong>: texto.<\/li>\n<li><strong>Salida<\/strong>: texto.<\/li>\n<li><strong>Aplicaciones<\/strong>: traducir textos, buscar informaci\u00f3n, resumir textos, conseguir puntos clave, corregir textos, etc.<\/li>\n<li><strong>Herramientas<\/strong>: <a href=\"https:\/\/chat.openai.com\/\" target=\"_blank\" rel=\"noopener\">ChatGPT<\/a>,\u00a0<a href=\"https:\/\/www.microsoft.com\/es-es\/edge\/features\/bing-chat?form=MT00D8\" target=\"_blank\" rel=\"noopener\">Bing Chat<\/a>, <a href=\"https:\/\/www.microsoft.com\/es\/microsoft-copilot?market=bz\" target=\"_blank\" rel=\"noopener\">Microsoft Copilot<\/a>, \u00a0<a href=\"https:\/\/www.perplexity.ai\/\" target=\"_blank\" rel=\"noopener\">Perplexity<\/a>,\u00a0<a href=\"https:\/\/www.tutorai.me\/\" target=\"_blank\" rel=\"noopener\">Tutor AI<\/a>,\u00a0<a href=\"https:\/\/gemini.google.com\/\" target=\"_blank\" rel=\"noopener\">Google Gemini<\/a>,\u00a0<a href=\"https:\/\/writesonic.com\/\" target=\"_blank\" rel=\"noopener\">Writesonic<\/a>,\u00a0<a href=\"https:\/\/www.canva.com\/education\/\" target=\"_blank\" rel=\"noopener\">Canva<\/a>,\u00a0<a href=\"https:\/\/www.chatpdf.com\/\" target=\"_blank\" rel=\"noopener\">ChatPDF<\/a>,\u00a0<a href=\"https:\/\/consensus.app\/\" target=\"_blank\" rel=\"noopener\">Consensus App<\/a>,\u00a0<a href=\"https:\/\/chatdoc.com\/\" target=\"_blank\" rel=\"noopener\">Chat Doc<\/a>,\u00a0<a href=\"https:\/\/www.humata.ai\/\" target=\"_blank\" rel=\"noopener\">Humata AI<\/a>,\u00a0<a href=\"https:\/\/www.explainpaper.com\/\" target=\"_blank\" rel=\"noopener\">Explain Paper<\/a>,\u00a0<a href=\"https:\/\/www.taskade.com\/generate\/education\/peer-review\" target=\"_blank\" rel=\"noopener\">Peer<\/a>,\u00a0<a href=\"https:\/\/www.magicschool.ai\/\" target=\"_blank\" rel=\"noopener\">Magical School<\/a>,\u00a0<a href=\"https:\/\/quizizz.com\/home\/quizizz-ai?lng=es-ES\" target=\"_blank\" rel=\"noopener\">Quizz<\/a>,\u00a0<a href=\"https:\/\/learnt.ai\/\" target=\"_blank\" rel=\"noopener\">Learnt AI<\/a>,\u00a0<a href=\"https:\/\/books.google.com\/talktobooks\/\" target=\"_blank\" rel=\"noopener\">Talk to Books<\/a>, <a href=\"https:\/\/harpa.ai\/\" target=\"_blank\" rel=\"noopener\">Harpa AI<\/a>, <a href=\"https:\/\/novelai.net\/\" target=\"_blank\" rel=\"noopener\">Novel AI<\/a>, <a href=\"https:\/\/www.jasper.ai\/\" target=\"_blank\" rel=\"noopener\">Jasper<\/a>, <a href=\"https:\/\/claude.ai\/\" target=\"_blank\" rel=\"noopener\">Claude<\/a>, <a href=\"https:\/\/groq.com\/\" target=\"_blank\" rel=\"noopener\">groq<\/a>, <a href=\"https:\/\/www.copy.ai\/\" target=\"_blank\" rel=\"noopener\">copy.ai<\/a>, <a href=\"https:\/\/nolej.io\/\" target=\"_blank\" rel=\"noopener\">nolej<\/a> y <a href=\"https:\/\/promptomania.com\/\" target=\"_blank\" rel=\"noopener\">promptoMANIA<\/a>.<\/li>\n<\/ul>\n<p><img loading=\"lazy\" decoding=\"async\" class=\"alignnone size-medium wp-image-301\" src=\"\/wp-content\/uploads\/2024\/09\/02_eines_02_ES-300x45.png\" alt=\"\" width=\"300\" height=\"45\" srcset=\"\/wp-content\/uploads\/2024\/09\/02_eines_02_ES-300x45.png 300w, \/wp-content\/uploads\/2024\/09\/02_eines_02_ES.png 391w\" sizes=\"(max-width: 300px) 100vw, 300px\" \/><\/p>\n<ul>\n<li><strong>Entrada<\/strong>: texto.<\/li>\n<li><strong>Salida<\/strong>: imagen.<\/li>\n<li><strong>Aplicaciones<\/strong>: generar im\u00e1genes, inspirarse, crear arte, crear avatares y crear esl\u00f3ganes.<\/li>\n<li><strong>Herramientas<\/strong>: <a href=\"https:\/\/openai.com\/dall-e-2\" target=\"_blank\" rel=\"noopener\">Dall-E<\/a>,\u00a0<a href=\"https:\/\/www.midjourney.com\/\" target=\"_blank\" rel=\"noopener\">Midjourney<\/a>,\u00a0<a href=\"https:\/\/www.bing.com\/create\" target=\"_blank\" rel=\"noopener\">Bing Image Creator<\/a>,\u00a0<a href=\"https:\/\/stablediffusionweb.com\/\" target=\"_blank\" rel=\"noopener\">Stable Diffusion<\/a>,\u00a0<a href=\"https:\/\/firefly.adobe.com\/\" target=\"_blank\" rel=\"noopener\">Adobe Firefly<\/a>,\u00a0<a href=\"https:\/\/gemini.google.com\/\" target=\"_blank\" rel=\"noopener\">Google Gemini<\/a>,\u00a0<a href=\"https:\/\/www.craiyon.com\/\" target=\"_blank\" rel=\"noopener\">Craiyon<\/a>,\u00a0<a href=\"https:\/\/app.leonardo.ai\/\" target=\"_blank\" rel=\"noopener\">Leonardo AI<\/a>, <a href=\"https:\/\/clipdrop.co\/tools\" target=\"_blank\" rel=\"noopener\">Clipdrop tools<\/a>, \u00a0<a href=\"https:\/\/www.canva.com\/ai-image-generator\/\" target=\"_blank\" rel=\"noopener\">Canva<\/a>, <a href=\"https:\/\/skybox.blockadelabs.com\/\" target=\"_blank\" rel=\"noopener\">Skybox AI<\/a>, <a href=\"https:\/\/copilot.microsoft.com\/\" target=\"_blank\" rel=\"noopener\">Copilot<\/a>, <a href=\"https:\/\/fermat.app\/product\" target=\"_blank\" rel=\"noopener\">Fermat<\/a>, <a href=\"https:\/\/www.classpoint.io\/ai-quiz-generator\" target=\"_blank\" rel=\"noopener\">ClassPoint<\/a>, <a href=\"https:\/\/lexica.art\/\" target=\"_blank\" rel=\"noopener\">Lexica<\/a> y <a href=\"https:\/\/www.krea.ai\/home\" target=\"_blank\" rel=\"noopener\">KREA<\/a>.<\/li>\n<\/ul>\n<p><img loading=\"lazy\" decoding=\"async\" class=\"alignnone size-medium wp-image-298\" src=\"\/wp-content\/uploads\/2024\/09\/02_eines_03_ES-300x45.png\" alt=\"\" width=\"300\" height=\"45\" srcset=\"\/wp-content\/uploads\/2024\/09\/02_eines_03_ES-300x45.png 300w, \/wp-content\/uploads\/2024\/09\/02_eines_03_ES.png 391w\" sizes=\"(max-width: 300px) 100vw, 300px\" \/><\/p>\n<ul>\n<li><strong>Entrada<\/strong>: texto.<\/li>\n<li><strong>Salida<\/strong>: audio.<\/li>\n<li><strong>Aplicaciones<\/strong>: generar ficheros de audio, audiolibros, p\u00f3dcast; crear locuciones con voces de otras personas o la propia; traducir v\u00eddeos; crear temas musicales con par\u00e1metros seleccionados, modificar otros temas musicales.<\/li>\n<li><strong>Herramientas<\/strong>: <a href=\"https:\/\/play.ht\/\" target=\"_blank\" rel=\"noopener\">Play HT<\/a>,\u00a0<a href=\"https:\/\/murf.ai\/\" target=\"_blank\" rel=\"noopener\">Murf AI<\/a>,\u00a0<a href=\"https:\/\/listnr.ai\/\" target=\"_blank\" rel=\"noopener\">Listnr<\/a>,\u00a0<a href=\"https:\/\/speechify.com\/es\/\" target=\"_blank\" rel=\"noopener\">Speechify<\/a>,\u00a0<a href=\"https:\/\/www.resemble.ai\/\" target=\"_blank\" rel=\"noopener\">Resemble AI<\/a>,\u00a0<a href=\"https:\/\/podcast.ai\/\" target=\"_blank\" rel=\"noopener\">Podcast AI<\/a>,\u00a0<a href=\"https:\/\/wellsaidlabs.com\/text-to-voice\/\" target=\"_blank\" rel=\"noopener\">WellSaid<\/a>,\u00a0<a href=\"https:\/\/elevenlabs.io\/\" target=\"_blank\" rel=\"noopener\">ElielevenLabs<\/a>, <a href=\"https:\/\/www.dupdub.com\/\" target=\"_blank\" rel=\"noopener\">Dupdub<\/a>, <a href=\"https:\/\/www.resemble.ai\/\" target=\"_blank\" rel=\"noopener\">Resemble AI<\/a>, <a href=\"https:\/\/soundful.com\/\" target=\"_blank\" rel=\"noopener\">Soundful<\/a>, <a href=\"https:\/\/boomy.com\/\" target=\"_blank\" rel=\"noopener\">Boomy AI<\/a>, <a href=\"https:\/\/www.aiva.ai\/\" target=\"_blank\" rel=\"noopener\">AIVA<\/a> y\u00a0<a href=\"https:\/\/www.splashmusic.com\/\" target=\"_blank\" rel=\"noopener\">Splash<\/a>.<\/li>\n<\/ul>\n<p><img loading=\"lazy\" decoding=\"async\" class=\"alignnone size-medium wp-image-295\" src=\"\/wp-content\/uploads\/2024\/09\/02_eines_04_ES-300x45.png\" alt=\"\" width=\"300\" height=\"45\" srcset=\"\/wp-content\/uploads\/2024\/09\/02_eines_04_ES-300x45.png 300w, \/wp-content\/uploads\/2024\/09\/02_eines_04_ES.png 391w\" sizes=\"(max-width: 300px) 100vw, 300px\" \/><\/p>\n<ul>\n<li><strong>Entrada<\/strong>: texto.<\/li>\n<li><strong>Salida<\/strong>: v\u00eddeo.<\/li>\n<li><strong>Aplicaciones<\/strong>: generar v\u00eddeos con caracter\u00edsticas espec\u00edficas seleccionadas, editar v\u00eddeos, traducir v\u00eddeos.<\/li>\n<li><strong>Herramientas<\/strong>: <a href=\"https:\/\/www.heygen.com\/\" target=\"_blank\" rel=\"noopener\">Movio<\/a>, <a href=\"https:\/\/lumen5.com\/\" target=\"_blank\" rel=\"noopener\">Lumen5<\/a>, <a href=\"https:\/\/www.synthesia.io\/\" target=\"_blank\" rel=\"noopener\">Synthesia.io<\/a>, <a href=\"https:\/\/www.d-id.com\/\" target=\"_blank\" rel=\"noopener\">D-ID<\/a>, <a href=\"https:\/\/runwayml.com\/\" target=\"_blank\" rel=\"noopener\">Runway<\/a>, <a href=\"https:\/\/fliki.ai\/features\/text-to-video\" target=\"_blank\" rel=\"noopener\">Fliki,<\/a>\u00a0<a href=\"https:\/\/pictory.ai\/\" target=\"_blank\" rel=\"noopener\">Pictory,<\/a> <a href=\"https:\/\/openai.com\/sora\" target=\"_blank\" rel=\"noopener\">Sora<\/a><a href=\"https:\/\/pictory.ai\/\" target=\"_blank\" rel=\"noopener\">,<\/a> <a href=\"https:\/\/es.vidnoz.com\/\" target=\"_blank\" rel=\"noopener\">Vidnoz AI<\/a><a href=\"https:\/\/pictory.ai\/\" target=\"_blank\" rel=\"noopener\">,<\/a> <a href=\"https:\/\/www.heygen.com\/\" target=\"_blank\" rel=\"noopener\">HeyGen<\/a><a href=\"https:\/\/pictory.ai\/\" target=\"_blank\" rel=\"noopener\">,<\/a> <a href=\"https:\/\/pictory.ai\/\" target=\"_blank\" rel=\"noopener\">Pictory AI<\/a><a href=\"https:\/\/pictory.ai\/\" target=\"_blank\" rel=\"noopener\">, <\/a><a href=\"https:\/\/www.kapwing.com\/ai-video-generator\" target=\"_blank\" rel=\"noopener\">Kapwing<\/a> y <a href=\"https:\/\/www.descript.com\/\" target=\"_blank\" rel=\"noopener\">descript<\/a>.<\/li>\n<\/ul>\n<p><img loading=\"lazy\" decoding=\"async\" class=\"alignnone size-medium wp-image-292\" src=\"\/wp-content\/uploads\/2024\/09\/02_eines_05_ES-300x45.png\" alt=\"\" width=\"300\" height=\"45\" srcset=\"\/wp-content\/uploads\/2024\/09\/02_eines_05_ES-300x45.png 300w, \/wp-content\/uploads\/2024\/09\/02_eines_05_ES.png 391w\" sizes=\"(max-width: 300px) 100vw, 300px\" \/><\/p>\n<ul>\n<li><strong>Entrada<\/strong>: imagen.<\/li>\n<li><strong>Salida<\/strong>: imagen.<\/li>\n<li><strong>Aplicaciones<\/strong>: modificar im\u00e1genes (hacer desaparecer objetos o personas, cambiar objetos, sacar fondos, etc.).<\/li>\n<li><strong>Herramientas<\/strong>: <a href=\"https:\/\/www.canva.com\/education\/\" target=\"_blank\" rel=\"noopener\">Canva<\/a>, <a href=\"https:\/\/playgroundai.com\/\" target=\"_blank\" rel=\"noopener\">Playground AI<\/a>, <a href=\"https:\/\/clipdrop.co\/tools\" target=\"_blank\" rel=\"noopener\">Clipdrop tools<\/a>, <a href=\"https:\/\/www.fotor.com\/es\/\" target=\"_blank\" rel=\"noopener\">Fotor<\/a>, <a href=\"https:\/\/www.autoenhance.ai\/\" target=\"_blank\" rel=\"noopener\">Autoenhance AI,<\/a>\u00a0<a href=\"https:\/\/hotpot.ai\/tools\" target=\"_blank\" rel=\"noopener\">Hotpot AI,<\/a> <a href=\"https:\/\/www.vizcom.ai\/\" target=\"_blank\" rel=\"noopener\">Vizcom AI<\/a><a href=\"https:\/\/hotpot.ai\/tools\" target=\"_blank\" rel=\"noopener\">, <\/a><a href=\"https:\/\/botika.io\/\" target=\"_blank\" rel=\"noopener\">Botika<\/a> y <a href=\"https:\/\/magicstudio.com\/es\/magiceraser\/\" target=\"_blank\" rel=\"noopener\">Magic Eraser<\/a>.<\/li>\n<\/ul>\n<p><img loading=\"lazy\" decoding=\"async\" class=\"alignnone size-medium wp-image-289\" src=\"\/wp-content\/uploads\/2024\/09\/02_eines_06_ES-300x45.png\" alt=\"\" width=\"300\" height=\"45\" srcset=\"\/wp-content\/uploads\/2024\/09\/02_eines_06_ES-300x45.png 300w, \/wp-content\/uploads\/2024\/09\/02_eines_06_ES.png 391w\" sizes=\"(max-width: 300px) 100vw, 300px\" \/><\/p>\n<ul>\n<li><strong>Entrada<\/strong>: texto.<\/li>\n<li><strong>Salida<\/strong>: c\u00f3digo.<\/li>\n<li><strong>Aplicaciones<\/strong>: generar o mejorar el mismo c\u00f3digo, documentar c\u00f3digo.<\/li>\n<li><strong>Herramientas<\/strong>: <a href=\"https:\/\/chat.openai.com\/\" target=\"_blank\" rel=\"noopener\">ChatGPT<\/a>, <a href=\"https:\/\/github.com\/features\/copilot\" target=\"_blank\" rel=\"noopener\">Github Copilot<\/a>, <a href=\"https:\/\/sourceai.dev\/\" target=\"_blank\" rel=\"noopener\">SourceAI<\/a>, <a href=\"https:\/\/replit.com\/\" target=\"_blank\" rel=\"noopener\">Replit Generate Code,<\/a>\u00a0<a href=\"https:\/\/fliplet.com\/\" target=\"_blank\" rel=\"noopener\">Fliplet,<\/a> <a href=\"https:\/\/www.ai2sql.io\/\" target=\"_blank\" rel=\"noopener\">AI2sql.io<\/a><a href=\"https:\/\/fliplet.com\/\" target=\"_blank\" rel=\"noopener\">,<\/a> <a href=\"https:\/\/codiga.io\/\" target=\"_blank\" rel=\"noopener\">Codiga.io<\/a> y <a href=\"https:\/\/durable.co\/ai-website-builder\" target=\"_blank\" rel=\"noopener\">Durable.co<\/a><a href=\"https:\/\/fliplet.com\/\" target=\"_blank\" rel=\"noopener\">.<\/a><\/li>\n<\/ul>\n<p><img loading=\"lazy\" decoding=\"async\" class=\"alignnone size-medium wp-image-286\" src=\"\/wp-content\/uploads\/2024\/09\/02_eines_07_ES-300x45.png\" alt=\"\" width=\"300\" height=\"45\" srcset=\"\/wp-content\/uploads\/2024\/09\/02_eines_07_ES-300x45.png 300w, \/wp-content\/uploads\/2024\/09\/02_eines_07_ES.png 391w\" sizes=\"(max-width: 300px) 100vw, 300px\" \/><\/p>\n<ul>\n<li><strong>Entrada<\/strong>: texto.<\/li>\n<li><strong>Salida<\/strong>: presentaciones.<\/li>\n<li><strong>Aplicaciones<\/strong>: generar diapositivas.<\/li>\n<li><strong>Herramientas<\/strong>: <a href=\"https:\/\/tome.app\/\" target=\"_blank\" rel=\"noopener\">Tome<\/a>, <a href=\"https:\/\/www.classpoint.io\/\" target=\"_blank\" rel=\"noopener\">ClassPoint.io<\/a>, <a href=\"https:\/\/gamma.app\/?lng=es-ES\" target=\"_blank\" rel=\"noopener\">Gamma App<\/a>, <a href=\"https:\/\/www.gptforslides.app\/\" target=\"_blank\" rel=\"noopener\">GPT for Slides<\/a>, <a href=\"https:\/\/www.beautiful.ai\/ai-presentations\" target=\"_blank\" rel=\"noopener\">Beautiful AI,<\/a>\u00a0<a href=\"https:\/\/www.motionit.ai\/es\" target=\"_blank\" rel=\"noopener\">Motionit AI<\/a> y <a href=\"https:\/\/www.pyramidanalytics.com\/generative-bi\/\" target=\"_blank\" rel=\"noopener\">Generative BI<\/a>.<\/li>\n<\/ul>\n<p><img loading=\"lazy\" decoding=\"async\" class=\"alignnone size-medium wp-image-283\" src=\"\/wp-content\/uploads\/2024\/09\/02_eines_08_ES-300x45.png\" alt=\"\" width=\"300\" height=\"45\" srcset=\"\/wp-content\/uploads\/2024\/09\/02_eines_08_ES-300x45.png 300w, \/wp-content\/uploads\/2024\/09\/02_eines_08_ES.png 391w\" sizes=\"(max-width: 300px) 100vw, 300px\" \/><\/p>\n<ul>\n<li><strong>Entrada<\/strong>: audio.<\/li>\n<li><strong>Salida<\/strong>: texto.<\/li>\n<li><strong>Aplicaciones<\/strong>: transcribir audios a diferentes idiomas.<\/li>\n<li><strong>Herramientas<\/strong>: <a href=\"https:\/\/dictation.io\/\" target=\"_blank\" rel=\"noopener\">Dictation.io<\/a>, <a href=\"https:\/\/www.happyscribe.com\/\" target=\"_blank\" rel=\"noopener\">Happy Scribe,<\/a>\u00a0<a href=\"https:\/\/openai.com\/research\/whisper\" target=\"_blank\" rel=\"noopener\">Whisper,<\/a> <a href=\"https:\/\/www.bing.com\/chat?form=CONVRD\" target=\"_blank\" rel=\"noopener\">Bing ai<\/a> y <a href=\"https:\/\/speakai.co\/audio-to-text-converter\/\" target=\"_blank\" rel=\"noopener\">Speak<\/a>.<\/li>\n<\/ul>\n<p><img loading=\"lazy\" decoding=\"async\" class=\"alignnone size-medium wp-image-280\" src=\"\/wp-content\/uploads\/2024\/09\/02_eines_09_ES-300x45.png\" alt=\"\" width=\"300\" height=\"45\" srcset=\"\/wp-content\/uploads\/2024\/09\/02_eines_09_ES-300x45.png 300w, \/wp-content\/uploads\/2024\/09\/02_eines_09_ES.png 391w\" sizes=\"(max-width: 300px) 100vw, 300px\" \/><\/p>\n<ul>\n<li><strong>Entrada<\/strong>: v\u00eddeo.<\/li>\n<li><strong>Salida<\/strong>: texto.<\/li>\n<li><strong>Aplicaciones<\/strong>: transcribir v\u00eddeos, transcribir y traducir.<\/li>\n<li><strong>Herramientas<\/strong>: <a href=\"https:\/\/www.happyscribe.com\/es\" target=\"_blank\" rel=\"noopener\">Happy Scribe<\/a>, <a href=\"https:\/\/saylient.io\/\" target=\"_blank\" rel=\"noopener\">Saylient.io<\/a>, <a href=\"https:\/\/es.rask.ai\/tools\/video-to-text\" target=\"_blank\" rel=\"noopener\">Rask AI,<\/a>\u00a0<a href=\"https:\/\/www.notta.ai\/es\/transcribir-video-a-texto\" target=\"_blank\" rel=\"noopener\">Notta AI<\/a>, <a href=\"https:\/\/www.notta.ai\/es\/transcribir-video-a-texto\" target=\"_blank\" rel=\"noopener\">Veed.io<\/a> y <a href=\"https:\/\/es.vidnoz.com\/inteligencia-artificial\/transcribir-video-a-texto.html\" target=\"_blank\" rel=\"noopener\">Vidnoz<\/a>.<\/li>\n<\/ul>\n","protected":false},"excerpt":{"rendered":"<p>Entrada: texto. Salida: texto. Aplicaciones: traducir textos, buscar informaci\u00f3n, resumir textos, conseguir puntos clave, corregir textos, etc. Herramientas: ChatGPT,\u00a0Bing Chat, Microsoft Copilot, \u00a0Perplexity,\u00a0Tutor AI,\u00a0Google Gemini,\u00a0Writesonic,\u00a0Canva,\u00a0ChatPDF,\u00a0Consensus App,\u00a0Chat Doc,\u00a0Humata AI,\u00a0Explain Paper,\u00a0Peer,\u00a0Magical School,\u00a0Quizz,\u00a0Learnt AI,\u00a0Talk to Books, Harpa AI, Novel AI, Jasper, Claude, groq, copy.ai, nolej y promptoMANIA. Entrada: texto. Salida: imagen. Aplicaciones: generar im\u00e1genes, inspirarse, crear arte, crear [&hellip;]<\/p>\n","protected":false},"author":2,"featured_media":0,"parent":0,"menu_order":0,"comment_status":"closed","ping_status":"closed","template":"","meta":{"_acf_changed":false,"footnotes":""},"acf":[],"_links":{"self":[{"href":"https:\/\/iag.recursos.uoc.edu\/es\/wp-json\/wp\/v2\/pages\/278"}],"collection":[{"href":"https:\/\/iag.recursos.uoc.edu\/es\/wp-json\/wp\/v2\/pages"}],"about":[{"href":"https:\/\/iag.recursos.uoc.edu\/es\/wp-json\/wp\/v2\/types\/page"}],"author":[{"embeddable":true,"href":"https:\/\/iag.recursos.uoc.edu\/es\/wp-json\/wp\/v2\/users\/2"}],"replies":[{"embeddable":true,"href":"https:\/\/iag.recursos.uoc.edu\/es\/wp-json\/wp\/v2\/comments?post=278"}],"version-history":[{"count":5,"href":"https:\/\/iag.recursos.uoc.edu\/es\/wp-json\/wp\/v2\/pages\/278\/revisions"}],"predecessor-version":[{"id":381,"href":"https:\/\/iag.recursos.uoc.edu\/es\/wp-json\/wp\/v2\/pages\/278\/revisions\/381"}],"wp:attachment":[{"href":"https:\/\/iag.recursos.uoc.edu\/es\/wp-json\/wp\/v2\/media?parent=278"}],"curies":[{"name":"wp","href":"https:\/\/api.w.org\/{rel}","templated":true}]}}