{"id":310,"date":"2024-08-22T13:39:56","date_gmt":"2024-08-22T11:39:56","guid":{"rendered":"https:\/\/iag-recursos.azurewebsites.net\/?page_id=310"},"modified":"2024-10-10T10:14:46","modified_gmt":"2024-10-10T08:14:46","slug":"2-2-herramientas-personalizadas-de-iag","status":"publish","type":"page","link":"https:\/\/iag.recursos.uoc.edu\/es\/2-2-herramientas-personalizadas-de-iag\/","title":{"rendered":"2.2. Herramientas personalizadas de IAG"},"content":{"rendered":"<p>Ya han aparecido algunos modelos de IAG que se pueden instalar en un ordenador personal. Se trata de una inteligencia artificial similar a ChatGPT mediante el proyecto GPT4All. Este proyecto de c\u00f3digo abierto, disponible en GitHub, permite operar un <em>chatbot<\/em> localmente, sin necesidad de internet ni de un ordenador muy potente, aunque con capacidades m\u00e1s limitadas comparado con modelos como GPT-4. Adem\u00e1s, tenemos la posibilidad de ense\u00f1ar a la IAG con datos, y de esta manera podemos personalizar una IAG.<\/p>\n<p>GPT4All utiliza principalmente modelos basados en GPT-J, derivado de GPT-2 (OpenAI), o en la IA de Llama (Meta), de forma que ofrece una alternativa m\u00e1s privada para tareas como responder preguntas, asistir en escritura, resumir documentos y otras funciones b\u00e1sicas. Para instalarlo, hay que visitar la p\u00e1gina <a href=\"https:\/\/gpt4all.io\" target=\"_blank\" rel=\"noopener\">https:\/\/gpt4all.io<\/a>, escoger la versi\u00f3n en funci\u00f3n del sistema operativo (Windows, macOS o GNU\/Linux) y seguir los pasos para seleccionar y descargar los modelos de IA, que son archivos de varios gigabytes previamente entrenados.<\/p>\n<p>Una vez instalado y configurado el modelo deseado, pod\u00e9is empezar a interactuar con el <em>chatbot<\/em>. Aunque los modelos est\u00e1n principalmente entrenados en ingl\u00e9s, pueden funcionar en cierto grado en espa\u00f1ol. Adem\u00e1s, la aplicaci\u00f3n permite actualizar y descargar nuevos modelos seg\u00fan est\u00e9n disponibles (algunos modelos necesitan API y, por lo tanto, son de pago, pero los hay gratuitos como por ejemplo Mistral).<\/p>\n<figure id=\"attachment_132\" aria-describedby=\"caption-attachment-132\" style=\"width: 810px\" class=\"wp-caption alignnone\"><img loading=\"lazy\" decoding=\"async\" class=\"wp-image-132 size-full\" src=\"\/wp-content\/uploads\/2024\/08\/PID_00302336_3-1.jpg\" alt=\"\" width=\"810\" height=\"488\" srcset=\"\/wp-content\/uploads\/2024\/08\/PID_00302336_3-1.jpg 810w, \/wp-content\/uploads\/2024\/08\/PID_00302336_3-1-300x181.jpg 300w, \/wp-content\/uploads\/2024\/08\/PID_00302336_3-1-768x463.jpg 768w\" sizes=\"(max-width: 810px) 100vw, 810px\" \/><figcaption id=\"caption-attachment-132\" class=\"wp-caption-text\">Gpt4all.io<br \/>Fuente: elaboraci\u00f3n propia<\/figcaption><\/figure>\n<p>Otra empresa que ha facilitado una opci\u00f3n parecida es Nvidia con su herramienta ChatRTX. Se trata de una herramienta de IAG que permite personalizar un modelo GPT conectado a nuestro propio contenido: documentos, notas u otros datos. De este modo, se consigue consultar un <em>chatbot<\/em> personalizado para obtener r\u00e1pidamente respuestas relevantes con el contexto. Eso s\u00ed, actualmente hay un requisito importante: nuestro ordenador personal, en el que hemos instalado ChatRTX, tiene que disponer de una tarjeta gr\u00e1fica del tipo Nvidia RTX.<\/p>\n<div class=\"featured featured-grey\"><p>Nvidia. (22 de abril de 2024). Build a Custom LLM with ChatRTX. <a href=\"https:\/\/www.nvidia.com\/en-us\/ai-on-rtx\/chatrtx\/\" target=\"_blank\" rel=\"noopener\">https:\/\/www.nvidia.com\/en-us\/ai-on-rtx\/chatrtx\/<\/a><\/p>\n<\/div>\n<figure id=\"attachment_137\" aria-describedby=\"caption-attachment-137\" style=\"width: 810px\" class=\"wp-caption alignnone\"><img loading=\"lazy\" decoding=\"async\" class=\"wp-image-137 size-full\" src=\"\/wp-content\/uploads\/2024\/08\/PID_00302336_4.jpg\" alt=\"\" width=\"810\" height=\"492\" srcset=\"\/wp-content\/uploads\/2024\/08\/PID_00302336_4.jpg 810w, \/wp-content\/uploads\/2024\/08\/PID_00302336_4-300x182.jpg 300w, \/wp-content\/uploads\/2024\/08\/PID_00302336_4-768x466.jpg 768w\" sizes=\"(max-width: 810px) 100vw, 810px\" \/><figcaption id=\"caption-attachment-137\" class=\"wp-caption-text\">ChatRTX instalado en un ordenador personal<br \/>Fuente: Nvidia<\/figcaption><\/figure>\n<p>Tambi\u00e9n existe la opci\u00f3n de utilizar tecnolog\u00edas similares en dispositivos m\u00f3viles, como <a href=\"https:\/\/www.luzia.com\/\" target=\"_blank\" rel=\"noopener\">LuzIA<\/a>.<\/p>\n<p>Si no se quiere instalar software en el ordenador, existe la posibilidad de crear ChatGPT propios y a nuestra medida y de utilizar ChatGPT p\u00fablicos. Es lo que se denomina <strong>GPTs<\/strong> de ChatGPT.<\/p>\n<div class=\"featured featured-grey\"><p>En el enlace siguiente podemos encontrar GPTs p\u00fablicos: <a href=\"https:\/\/chat.openai.com\/gpts\" target=\"_blank\" rel=\"noopener\">https:\/\/chat.openai.com\/gpts<\/a><\/p>\n<\/div>\n<figure id=\"attachment_141\" aria-describedby=\"caption-attachment-141\" style=\"width: 810px\" class=\"wp-caption alignnone\"><img loading=\"lazy\" decoding=\"async\" class=\"wp-image-141 size-full\" src=\"\/wp-content\/uploads\/2024\/08\/PID_00302336_5.jpg\" alt=\"\" width=\"810\" height=\"574\" srcset=\"\/wp-content\/uploads\/2024\/08\/PID_00302336_5.jpg 810w, \/wp-content\/uploads\/2024\/08\/PID_00302336_5-300x213.jpg 300w, \/wp-content\/uploads\/2024\/08\/PID_00302336_5-768x544.jpg 768w\" sizes=\"(max-width: 810px) 100vw, 810px\" \/><figcaption id=\"caption-attachment-141\" class=\"wp-caption-text\"><a href=\"http:\/\/chat.openai.com\" target=\"_blank\" rel=\"noopener\">OpenAI<\/a><br \/>Fuente: elaboraci\u00f3n propia<\/figcaption><\/figure>\n<p>En el caso de que queramos crear nuestro propio GPT personalizado, necesitaremos disponer de una versi\u00f3n de ChatGPT de pago. Hay que acceder al web: <a href=\"https:\/\/chat.openai.com\/gpts\/editor\" target=\"_blank\" rel=\"noopener\">https:\/\/chat.openai.com\/gpts\/editor<\/a>.<\/p>\n<figure id=\"attachment_147\" aria-describedby=\"caption-attachment-147\" style=\"width: 810px\" class=\"wp-caption alignnone\"><img loading=\"lazy\" decoding=\"async\" class=\"wp-image-147 size-full\" src=\"\/wp-content\/uploads\/2024\/08\/PID_00302336_6.jpg\" alt=\"\" width=\"810\" height=\"766\" srcset=\"\/wp-content\/uploads\/2024\/08\/PID_00302336_6.jpg 810w, \/wp-content\/uploads\/2024\/08\/PID_00302336_6-300x284.jpg 300w, \/wp-content\/uploads\/2024\/08\/PID_00302336_6-768x726.jpg 768w\" sizes=\"(max-width: 810px) 100vw, 810px\" \/><figcaption id=\"caption-attachment-147\" class=\"wp-caption-text\"><a href=\"http:\/\/chat.openai.com\" target=\"_blank\" rel=\"noopener\">OpenAi<\/a><br \/>Font: elaboraci\u00f3n propia<\/figcaption><\/figure>\n<h3>\u00bfC\u00f3mo lo parametrizamos?<\/h3>\n<ul>\n<li><em><strong>Name\/Description<\/strong><\/em>: nombre y descripci\u00f3n de nuestro GPT.<\/li>\n<li><em><strong>Instructions<\/strong><\/em>: pautas sobre c\u00f3mo se tiene que comportar nuestro GPT. De alguna manera, ser\u00eda parecido al contenido que le damos al ChatGPT cuando mantenemos un di\u00e1logo.<\/li>\n<li><em><strong>Conversation starters<\/strong><\/em>: propuesta de cuatro ejemplos de <em>prompts<\/em> que tienen que aparecer cuando empiece el chat.<\/li>\n<li><em><strong>Knowledge<\/strong><\/em>: este apartado es muy importante, puesto que es en el que realmente se puede personalizar nuestro GPT. A\u00f1adiremos todos los archivos que puedan educar al GPT.<\/li>\n<li><em><strong>Capabilities<\/strong><\/em>: dependiendo de la finalidad de nuestro GPT personalizado, habilitaremos la navegaci\u00f3n web, DALL-E o int\u00e9rprete de c\u00f3digo.<\/li>\n<li><em><strong>Actions<\/strong><\/em>: este es un apartado m\u00e1s avanzado, en el que se permite recuperar informaci\u00f3n de conversaciones de chat que hay\u00e1is mantenido con ChatGPT o conectar este GPT a herramientas externas (mediante API).<\/li>\n<\/ul>\n<p>Pongamos un ejemplo:<\/p>\n<p>Imaginamos que se quiere crear un GPT personalizado \u00abAsistente Acad\u00e9mico de Historia\u00bb. Tendr\u00edamos que introducir los campos de la manera siguiente:<\/p>\n<ul>\n<li><em><strong>Name<\/strong><\/em>: Asistente Acad\u00e9mico de Historia.<\/li>\n<li><em><strong>Description<\/strong><\/em>: este GPT est\u00e1 dise\u00f1ado para proporcionar apoyo acad\u00e9mico a los estudiantes de historia. Ofrece explicaciones detalladas sobre acontecimientos hist\u00f3ricos, ayuda en la redacci\u00f3n de ensayos, preparaci\u00f3n de ex\u00e1menes y revisi\u00f3n cr\u00edtica de fuentes hist\u00f3ricas. Ideal para estudiantes que buscan profundizar su comprensi\u00f3n de la historia mundial y nacional.<\/li>\n<li><em><strong>Instructions<\/strong><\/em>: el GPT tiene que mantener un tono educativo y profesional. Tendr\u00e1 que proporcionar respuestas detalladas y muy fundamentadas, utilizando un lenguaje claro y accesible. Tiene que ser capaz de manejar preguntas sobre una amplia gamma de periodos y temas hist\u00f3ricos, desde la historia antigua hasta la contempor\u00e1nea, incluyendo el an\u00e1lisis de las implicaciones hist\u00f3ricas y los contextos.<\/li>\n<li><em><strong>Conversation starters<\/strong><\/em>:\n<ul>\n<li>\u00abExpl\u00edcame las causas y consecuencias de la Revoluci\u00f3n Francesa\u00bb.<\/li>\n<li>\u00abNecesito ayuda para estructurar un ensayo sobre la Guerra Fr\u00eda\u00bb.<\/li>\n<li>\u00ab\u00bfCu\u00e1les fueron los principales impactos de la colonizaci\u00f3n en Latinoam\u00e9rica?\u00bb<\/li>\n<li>\u00abDiscusi\u00f3n sobre las diferencias y similitudes entre el Imperio romano y el Imperio brit\u00e1nico.\u00bb<\/li>\n<\/ul>\n<\/li>\n<li><em><strong>Knowledge<\/strong><\/em>: integrar una base de datos de textos hist\u00f3ricos, cr\u00f3nicas, documentos primarios y secundarios, y art\u00edculos acad\u00e9micos de historia. Esto podr\u00eda incluir acceso a bibliotecas digitales, archivos de documentos hist\u00f3ricos y las \u00faltimas investigaciones publicadas en revistas de historia.<\/li>\n<li><em><strong>Capabilities<\/strong><\/em>:\n<ul>\n<li>Habilitar la navegaci\u00f3n web para buscar informaci\u00f3n actualizada y verificada de fuentes acad\u00e9micas de confianza, como enciclopedias de historia, bases de datos universitarias y publicaciones especializadas.<\/li>\n<li>Permitir el acceso a funciones de generaci\u00f3n de gr\u00e1ficos y mapas para ilustrar visualmente cambios territoriales, demogr\u00e1ficos o econ\u00f3micos a lo largo del tiempo.<\/li>\n<\/ul>\n<\/li>\n<li><em><strong>Actions<\/strong><\/em>: no hay que conectar este GPT a API externas para ejecutar tareas espec\u00edficas, dado que su principal funci\u00f3n es informativa y educativa. Sin embargo, se podr\u00eda configurar para interactuar con sistemas acad\u00e9micos que permitan a los estudiantes gestionar sus materiales de estudio, como subir ensayos o recibir <em>feedback<\/em>.<\/li>\n<\/ul>\n<p>Ahora, solo har\u00eda falta guardarlo y decidir qui\u00e9n podr\u00e1 acceder al GPT personalizado:<\/p>\n<ul>\n<li>El creador del GPT personalizado.<\/li>\n<li>Quien disponga del enlace que lleva al GPT personalizado creado.<\/li>\n<li>Abierto a todo el mundo.<\/li>\n<\/ul>\n<p>Y as\u00ed es como se mostrar\u00eda el <strong>GPT personalizado Asistente Acad\u00e9mico de Historia<\/strong> que hemos creado:<\/p>\n<figure id=\"attachment_505\" aria-describedby=\"caption-attachment-505\" style=\"width: 598px\" class=\"wp-caption alignnone\"><img loading=\"lazy\" decoding=\"async\" class=\"wp-image-505 size-full\" src=\"\/wp-content\/uploads\/2024\/10\/PID_00302337_01.png\" alt=\"\" width=\"598\" height=\"548\" srcset=\"\/wp-content\/uploads\/2024\/10\/PID_00302337_01.png 598w, \/wp-content\/uploads\/2024\/10\/PID_00302337_01-300x275.png 300w\" sizes=\"(max-width: 598px) 100vw, 598px\" \/><figcaption id=\"caption-attachment-505\" class=\"wp-caption-text\"><a href=\"http:\/\/chat.openai.com\" target=\"_blank\" rel=\"noopener\">OpenAi<\/a><br \/>Fuente: elaboraci\u00f3n propia<\/figcaption><\/figure>\n","protected":false},"excerpt":{"rendered":"<p>Ya han aparecido algunos modelos de IAG que se pueden instalar en un ordenador personal. Se trata de una inteligencia artificial similar a ChatGPT mediante el proyecto GPT4All. Este proyecto de c\u00f3digo abierto, disponible en GitHub, permite operar un chatbot localmente, sin necesidad de internet ni de un ordenador muy potente, aunque con capacidades m\u00e1s [&hellip;]<\/p>\n","protected":false},"author":2,"featured_media":0,"parent":0,"menu_order":0,"comment_status":"closed","ping_status":"closed","template":"","meta":{"_acf_changed":false,"footnotes":""},"acf":[],"_links":{"self":[{"href":"https:\/\/iag.recursos.uoc.edu\/es\/wp-json\/wp\/v2\/pages\/310"}],"collection":[{"href":"https:\/\/iag.recursos.uoc.edu\/es\/wp-json\/wp\/v2\/pages"}],"about":[{"href":"https:\/\/iag.recursos.uoc.edu\/es\/wp-json\/wp\/v2\/types\/page"}],"author":[{"embeddable":true,"href":"https:\/\/iag.recursos.uoc.edu\/es\/wp-json\/wp\/v2\/users\/2"}],"replies":[{"embeddable":true,"href":"https:\/\/iag.recursos.uoc.edu\/es\/wp-json\/wp\/v2\/comments?post=310"}],"version-history":[{"count":3,"href":"https:\/\/iag.recursos.uoc.edu\/es\/wp-json\/wp\/v2\/pages\/310\/revisions"}],"predecessor-version":[{"id":512,"href":"https:\/\/iag.recursos.uoc.edu\/es\/wp-json\/wp\/v2\/pages\/310\/revisions\/512"}],"wp:attachment":[{"href":"https:\/\/iag.recursos.uoc.edu\/es\/wp-json\/wp\/v2\/media?parent=310"}],"curies":[{"name":"wp","href":"https:\/\/api.w.org\/{rel}","templated":true}]}}