{"id":312,"date":"2024-08-22T13:54:12","date_gmt":"2024-08-22T11:54:12","guid":{"rendered":"https:\/\/iag-recursos.azurewebsites.net\/?page_id=312"},"modified":"2024-09-20T12:58:35","modified_gmt":"2024-09-20T10:58:35","slug":"3-1-introduccion","status":"publish","type":"page","link":"https:\/\/iag.recursos.uoc.edu\/es\/3-1-introduccion\/","title":{"rendered":"3.1. Introducci\u00f3n"},"content":{"rendered":"<p>La forma de interactuar con la inteligencia artificial generativa es mediante una instrucci\u00f3n o descripci\u00f3n breve que se proporciona a un modelo de lenguaje (ChatGPT, GEMINI, CLAUDE, DALL-E, etc.) para guiar su generaci\u00f3n de respuestas. Esta instrucci\u00f3n o descripci\u00f3n es lo que llamamos <strong><em>prompt<\/em><\/strong>.<\/p>\n<p>Al proporcionar un\u00a0<i>prompt\u00a0<\/i>espec\u00edfico, podemos influir en el tipo de respuestas que genera el modelo. La elecci\u00f3n del\u00a0<i>prompt\u00a0<\/i>es determinante, puesto que afecta directamente al tipo y a la calidad de la respuesta generada. Experimentar con diferentes\u00a0<i>prompts\u00a0<\/i>puede ayudar a obtener resultados m\u00e1s precisos y \u00fatiles para la tarea que se desea conseguir.<\/p>\n<div>\n<p><div class=\"featured featured-grey\"><p><strong>Ejemplo del procedimiento que sigue una IAG para dar respuestas a una pregunta textual<\/strong><\/p>\n<p>Una vez la IAG ha sido entrenada, generar una respuesta de texto a una pregunta escrita desde el\u00a0<i>prompt\u00a0<\/i>implica los siguientes pasos:<\/p>\n<ul>\n<li>La pregunta de texto se divide en unidades m\u00e1s peque\u00f1as (llamadas <em>tokens<\/em>).<\/li>\n<li>Se usan patrones estad\u00edsticos para predecir palabras o frases probables que podr\u00edan formar una respuesta coherente a la pregunta.<\/li>\n<li>Se identifican patrones de palabras y frases que aparecen en su modelo de datos grandes (almacenados en sus redes neuronales).<\/li>\n<li>Utilizando estos patrones, la IAG calcula la probabilidad de que palabras o frases concretas aparezcan en un contexto dado y generen predicciones.<\/li>\n<li>Empezando con una predicci\u00f3n aleatoria, la IAG utiliza estas probabilidades estimadas para predecir la siguiente palabra o frase probable en su respuesta.<\/li>\n<li>Las palabras o frases predichas se convierten en texto legible.<\/li>\n<li>El texto legible se filtra para eliminar cualquier contenido ofensivo.<\/li>\n<li>Se repiten estos \u00faltimos pasos hasta que se termina una respuesta.<\/li>\n<li>La respuesta se vuelve a procesar para mejorarla (formato, puntuaci\u00f3n, etc.).<br \/>\n<\/div><\/li>\n<\/ul>\n<p>&nbsp;<\/p>\n<\/div>\n","protected":false},"excerpt":{"rendered":"<p>La forma de interactuar con la inteligencia artificial generativa es mediante una instrucci\u00f3n o descripci\u00f3n breve que se proporciona a un modelo de lenguaje (ChatGPT, GEMINI, CLAUDE, DALL-E, etc.) para guiar su generaci\u00f3n de respuestas. Esta instrucci\u00f3n o descripci\u00f3n es lo que llamamos prompt. Al proporcionar un\u00a0prompt\u00a0espec\u00edfico, podemos influir en el tipo de respuestas que [&hellip;]<\/p>\n","protected":false},"author":2,"featured_media":0,"parent":0,"menu_order":0,"comment_status":"closed","ping_status":"closed","template":"","meta":{"_acf_changed":false,"footnotes":""},"acf":[],"_links":{"self":[{"href":"https:\/\/iag.recursos.uoc.edu\/es\/wp-json\/wp\/v2\/pages\/312"}],"collection":[{"href":"https:\/\/iag.recursos.uoc.edu\/es\/wp-json\/wp\/v2\/pages"}],"about":[{"href":"https:\/\/iag.recursos.uoc.edu\/es\/wp-json\/wp\/v2\/types\/page"}],"author":[{"embeddable":true,"href":"https:\/\/iag.recursos.uoc.edu\/es\/wp-json\/wp\/v2\/users\/2"}],"replies":[{"embeddable":true,"href":"https:\/\/iag.recursos.uoc.edu\/es\/wp-json\/wp\/v2\/comments?post=312"}],"version-history":[{"count":1,"href":"https:\/\/iag.recursos.uoc.edu\/es\/wp-json\/wp\/v2\/pages\/312\/revisions"}],"predecessor-version":[{"id":313,"href":"https:\/\/iag.recursos.uoc.edu\/es\/wp-json\/wp\/v2\/pages\/312\/revisions\/313"}],"wp:attachment":[{"href":"https:\/\/iag.recursos.uoc.edu\/es\/wp-json\/wp\/v2\/media?parent=312"}],"curies":[{"name":"wp","href":"https:\/\/api.w.org\/{rel}","templated":true}]}}