{"id":314,"date":"2024-08-22T13:55:53","date_gmt":"2024-08-22T11:55:53","guid":{"rendered":"https:\/\/iag-recursos.azurewebsites.net\/?page_id=314"},"modified":"2024-09-20T13:12:30","modified_gmt":"2024-09-20T11:12:30","slug":"3-2-como-formular-los-prompts-para-mejorar-los-resultados-obtenidos-con-la-iag","status":"publish","type":"page","link":"https:\/\/iag.recursos.uoc.edu\/es\/3-2-como-formular-los-prompts-para-mejorar-los-resultados-obtenidos-con-la-iag\/","title":{"rendered":"3.2. \u00bfC\u00f3mo formular los <em>prompts<\/em> para mejorar los resultados obtenidos con la IAG?"},"content":{"rendered":"<p><strong><b>Concreci\u00f3n del contexto<\/b>:<\/strong><\/p>\n<ul>\n<li>Proporcionar suficiente contexto a fin de que la IAG comprenda la tarea.<\/li>\n<li>Incluir detalles relevantes que ayuden a guiar la respuesta.<\/li>\n<\/ul>\n<p><strong><b>Instrucciones claras<\/b>:<\/strong><\/p>\n<ul>\n<li>Ofrecer instrucciones claras y directas.<\/li>\n<li>Evitar ambig\u00fcedades en el <em>prompt<\/em>.<\/li>\n<\/ul>\n<p><strong><b>Objetivo de la b\u00fasqueda<\/b>:<\/strong><\/p>\n<ul>\n<li>Identificar claramente el objetivo de la b\u00fasqueda: \u00bfqu\u00e9 informaci\u00f3n se est\u00e1 buscando?<\/li>\n<li>Identificar qu\u00e9 tipo de respuesta se espera conseguir (informaci\u00f3n descriptiva, informaci\u00f3n instructiva, informaci\u00f3n creativa, etc.).<\/li>\n<\/ul>\n<p><strong><b>Palabras clave<\/b>:<\/strong><\/p>\n<ul>\n<li>Incluir palabras clave que son fundamentales para la tarea. Ayudan a guiar el resultado.<\/li>\n<li>Utilizar t\u00e9rminos espec\u00edficos que se desee que est\u00e9n presentes en la respuesta.<\/li>\n<\/ul>\n<p><strong><b>Restricciones y condiciones<\/b>:<\/strong><\/p>\n<ul>\n<li>Establecer restricciones claras (si es necesario).<\/li>\n<li>Incluir condiciones espec\u00edficas que la IAG debe cumplir.<\/li>\n<\/ul>\n<p><strong><b>Longitud del<\/b> <em>prompt<\/em>:<\/strong><\/p>\n<ul>\n<li>Comprobar si la longitud del <em>prompt<\/em> es adecuada para la complejidad de la tarea.<\/li>\n<li>Evitar ser demasiado extensos o demasiado breves.<\/li>\n<\/ul>\n<p><strong><b>Ejemplos concretos<\/b>:<\/strong><\/p>\n<ul>\n<li>Proporcionar ejemplos concretos para ilustrar lo que se est\u00e1 buscando.<\/li>\n<li>Tener presente que los ejemplos ayudar\u00e1n a la IAG a entender mejor la tarea.<\/li>\n<\/ul>\n<p><strong><b>Preguntas directas<\/b>:<\/strong><\/p>\n<ul>\n<li>Realizar preguntas directas si se est\u00e1n buscando respuestas espec\u00edficas.<\/li>\n<li>Formular preguntas de forma clara.<\/li>\n<\/ul>\n<p><strong>Retorno (<em>feedback<\/em>) <b>interactivo<\/b>:<\/strong><\/p>\n<ul>\n<li>Pensar si hay que incluir instrucciones sobre c\u00f3mo ajustar la respuesta si no cumple con las expectativas.<\/li>\n<li>Proporcionar ejemplos de c\u00f3mo mejorar o cambiar la salida proporcionada por la IAG.<\/li>\n<\/ul>\n<p><strong><b>Vocabulario y estilo<\/b>:<\/strong><\/p>\n<ul>\n<li>Incluir indicaciones sobre el tipo de vocabulario o estilo que se desea en la respuesta.<\/li>\n<li>Especificar alg\u00fan tono espec\u00edfico que la IA tendr\u00eda que adoptar.<\/li>\n<li>Indicar si se desea una respuesta formal, informal, creativa, etc.<\/li>\n<\/ul>\n<p><strong><b>Revisi\u00f3n y ajuste<\/b>:<\/strong><\/p>\n<ul>\n<li>Revisar el\u00a0<i>prompt\u00a0<\/i>antes de enviarlo para asegurarse de que no haya errores o malentendidos.<\/li>\n<li>Realizar ajustamientos y experimentar con diferentes formulaciones del <em>prompt<\/em>.<\/li>\n<\/ul>\n<p>Jordi Linares, en su art\u00edculo <a href=\"https:\/\/www.linkedin.com\/pulse\/art-prompting-empowering-students-harness-power-llms-linares-phd\" target=\"_blank\" rel=\"noopener\"><em>The Art of prompting: Empowering students to harness the power of LLMs (ChatGPT and others) in education<\/em><\/a>\u00a0expone otra forma de generar buenos resultados sin utilizar un \u00fanico prompt. Se trata de adoptar un <strong>enfoque de arriba abajo<\/strong>: preguntar de forma m\u00e1s global y seguir preguntando profundizando en el nivel de detalle.<\/p>\n<p>A veces, en algunos modelos de IAG de generaci\u00f3n de im\u00e1genes se pide una sintaxis concreta para generar prompts. Por ejemplo, en Copilot (<a href=\"https:\/\/www.bing.com\/create\" target=\"_blank\" rel=\"noopener\">https:\/\/www.bing.com\/create<\/a>) tiene que seguirse el siguiente patr\u00f3n:<\/p>\n<p style=\"text-align: center;\"><strong>adjetivo + nombre + verbo + estilo<\/strong><\/p>\n<p>Por ejemplo: paisaje futurista, urbano, que refleja la puesta de sol, arte conceptual.<\/p>\n","protected":false},"excerpt":{"rendered":"<p>Concreci\u00f3n del contexto: Proporcionar suficiente contexto a fin de que la IAG comprenda la tarea. Incluir detalles relevantes que ayuden a guiar la respuesta. Instrucciones claras: Ofrecer instrucciones claras y directas. Evitar ambig\u00fcedades en el prompt. Objetivo de la b\u00fasqueda: Identificar claramente el objetivo de la b\u00fasqueda: \u00bfqu\u00e9 informaci\u00f3n se est\u00e1 buscando? Identificar qu\u00e9 tipo [&hellip;]<\/p>\n","protected":false},"author":2,"featured_media":0,"parent":0,"menu_order":0,"comment_status":"closed","ping_status":"closed","template":"","meta":{"_acf_changed":false,"footnotes":""},"acf":[],"_links":{"self":[{"href":"https:\/\/iag.recursos.uoc.edu\/es\/wp-json\/wp\/v2\/pages\/314"}],"collection":[{"href":"https:\/\/iag.recursos.uoc.edu\/es\/wp-json\/wp\/v2\/pages"}],"about":[{"href":"https:\/\/iag.recursos.uoc.edu\/es\/wp-json\/wp\/v2\/types\/page"}],"author":[{"embeddable":true,"href":"https:\/\/iag.recursos.uoc.edu\/es\/wp-json\/wp\/v2\/users\/2"}],"replies":[{"embeddable":true,"href":"https:\/\/iag.recursos.uoc.edu\/es\/wp-json\/wp\/v2\/comments?post=314"}],"version-history":[{"count":1,"href":"https:\/\/iag.recursos.uoc.edu\/es\/wp-json\/wp\/v2\/pages\/314\/revisions"}],"predecessor-version":[{"id":315,"href":"https:\/\/iag.recursos.uoc.edu\/es\/wp-json\/wp\/v2\/pages\/314\/revisions\/315"}],"wp:attachment":[{"href":"https:\/\/iag.recursos.uoc.edu\/es\/wp-json\/wp\/v2\/media?parent=314"}],"curies":[{"name":"wp","href":"https:\/\/api.w.org\/{rel}","templated":true}]}}