{"id":333,"date":"2024-08-22T17:30:19","date_gmt":"2024-08-22T15:30:19","guid":{"rendered":"https:\/\/iag-recursos.azurewebsites.net\/?page_id=333"},"modified":"2024-09-20T14:33:14","modified_gmt":"2024-09-20T12:33:14","slug":"4-2-consideraciones-que-hay-que-tener-en-cuenta-como-estudiantado-de-la-uoc","status":"publish","type":"page","link":"https:\/\/iag.recursos.uoc.edu\/es\/4-2-consideraciones-que-hay-que-tener-en-cuenta-como-estudiantado-de-la-uoc\/","title":{"rendered":"4.2. Consideraciones que hay que tener en cuenta como estudiantado de la UOC"},"content":{"rendered":"<div>\n<blockquote><p>\u00abCuando te apropias de una idea ajena y la presentas como si fuera tuya, o copias y enganchas un texto sin citar la fuente, se considera <strong>plagio<\/strong> y, para la Universitat Oberta de Catalunya (UOC), es una infracci\u00f3n grave\u00bb.<\/p><\/blockquote>\n<p class=\"text-small\"><div class=\"blockquote-author\"><p>UOC. (2023). <i>Plagio acad\u00e9mico<\/i>. <a href=\"https:\/\/biblioteca.uoc.edu\/es\/biblioguias\/biblioguia\/Plagio-academico\/\" target=\"_blank\" rel=\"noopener\">https:\/\/biblioteca.uoc.edu\/ca\/biblioguies\/biblioguia\/Plagi-academic\/<\/a><\/p>\n<\/div><\/p>\n<\/div>\n<p>Para no incurrir en esta infracci\u00f3n, se utiliza la <strong>cita de texto<\/strong> de otros. Desde esta p\u00e1gina web (<a href=\"https:\/\/biblioteca.uoc.edu\/es\/contenidos\/Como-citar\/index.html\" target=\"_blank\" rel=\"noopener\">https:\/\/biblioteca.uoc.edu\/es\/contenidos\/Como-citar\/index.html<\/a>), la UOC nos facilita ejemplos de c\u00f3mo citar diferentes textos seg\u00fan sea su procedencia y seg\u00fan diferentes estilos de citaci\u00f3n.<\/p>\n<p>En el caso de citar informaci\u00f3n conseguida desde una inteligencia artificial generativa, con el estilo APA, tendr\u00edamos que hacerlo de la siguiente forma:<\/p>\n<p><strong>Entidad responsable de la herramienta de IA. (A\u00f1o de la consulta en la IA).\u00a0<i>Nombre de la herramienta en cursiva<\/i>\u00a0(versi\u00f3n) [descripci\u00f3n adicional]. URL<\/strong><\/p>\n<p>Un ejemplo de aplicaci\u00f3n ser\u00eda el siguiente:<\/p>\n<div>\n<div class=\"featured featured-grey\"><p>OpenAI. (2023). <em>ChatGPT<\/em> (versi\u00f3n de enero de 2022) [<em>prompt<\/em>: <strong>\u00ab\u00bfQu\u00e9 es la UOC?\u00bb<\/strong>]. <a href=\"https:\/\/chat.openai.com\/\" target=\"_blank\" rel=\"noopener\">https:\/\/chat.openai.com\/<\/a><\/p>\n<\/div>\n<\/div>\n<p>En el supuesto de que los <em>prompts<\/em> puedan ser extensos, se recomienda realizar las citas en un ap\u00e9ndice al trabajo y hacer referencia a ellos.<\/p>\n<p>Consideraciones al alumnado de la universidad sobre el uso de la IAG en los trabajos que haga dentro de la universidad:<\/p>\n<ul>\n<li>Como alumnos de la UOC, est\u00e1is comprometidos con la normativa de la universidad. La UOC apela a vuestra \u00e9tica como estudiantes, a vuestra integridad acad\u00e9mica y a vuestro propio prestigio para hacer un uso responsable de la IAG.<\/li>\n<li>No siempre se permite el uso de la IAG en las asignaturas de la UOC; por lo tanto, hay que preguntar al profesorado sobre la utilizaci\u00f3n de estas herramientas para la realizaci\u00f3n parcial de las actividades de la asignatura.<\/li>\n<li>Hay que citar todas las tareas hechas con IAG. En el caso de no hacerlo, el profesorado podr\u00eda solicitar informaci\u00f3n adicional para verificar la autor\u00eda e, incluso, llevar a cabo una prueba alternativa u oral. En caso de no hacerlo o de no justificar la autor\u00eda, podr\u00eda considerarse, como en el caso de plagio, que se trata de una falta muy grave, y podr\u00eda suspenderse la asignatura.<\/li>\n<li>El estudiantado es el \u00faltimo responsable de lo que entrega en las actividades evaluativas y, por lo tanto, hay que verificar toda la informaci\u00f3n obtenida con estas herramientas de IAG.<\/li>\n<li>Cuando utiliz\u00e1is herramientas de inteligencia artificial generativa para obtener respuestas, es importante recordar que, a pesar de su apariencia muy formulada y coherente, estas respuestas pueden incluir errores o incluso informaci\u00f3n inventada, un fen\u00f3meno conocido como alucinaciones, del cual ya hemos hablado en un apartado anterior (\u00abLas alucinaciones de la IA\u00bb). Como estudiantes universitarios, es esencial que desarroll\u00e9is un esp\u00edritu cr\u00edtico: revisad siempre las respuestas proporcionadas por una IA y confirmadlas con fuentes adicionales y fiables.<\/li>\n<li>Cuando us\u00e9is herramientas de inteligencia artificial, es fundamental no introducir informaci\u00f3n personal, confidencial o protegida por derechos de propiedad intelectual en vuestras consultas. Esto ayuda a proteger vuestra privacidad y a evitar la divulgaci\u00f3n no autorizada de datos confidenciales o protegidos. En el supuesto de que la IAG permita la opci\u00f3n de configuraci\u00f3n que indique que las salidas proporcionadas nutren la IAG, la desactivaremos.<\/li>\n<li>Cuando us\u00e9is herramientas IAG, es fundamental no introducir informaci\u00f3n personal, confidencial o protegida por derechos de propiedad intelectual en vuestras consultas. As\u00ed conseguir\u00e9is proteger vuestra privacidad y evitar la divulgaci\u00f3n no autorizada de datos confidenciales o protegidos.<\/li>\n<li>Es importante recordar que las herramientas de IAG pueden experimentar disponibilidad limitada, incluso en las versiones de pago. Podr\u00eda darse el caso, en un momento dado, de que el sistema no est\u00e9 disponible a causa de una sobrecarga, o que restrinja el n\u00famero de consultas que puede procesar en un periodo de tiempo. Por lo tanto, para el estudio de una asignatura, se recomienda planificar con antelaci\u00f3n el uso de estas herramientas\u00a0 y as\u00ed evitar depender de esta en el \u00faltimo momento.<\/li>\n<\/ul>\n","protected":false},"excerpt":{"rendered":"<p>\u00abCuando te apropias de una idea ajena y la presentas como si fuera tuya, o copias y enganchas un texto sin citar la fuente, se considera plagio y, para la Universitat Oberta de Catalunya (UOC), es una infracci\u00f3n grave\u00bb. Para no incurrir en esta infracci\u00f3n, se utiliza la cita de texto de otros. Desde esta [&hellip;]<\/p>\n","protected":false},"author":2,"featured_media":0,"parent":0,"menu_order":0,"comment_status":"closed","ping_status":"closed","template":"","meta":{"_acf_changed":false,"footnotes":""},"acf":[],"_links":{"self":[{"href":"https:\/\/iag.recursos.uoc.edu\/es\/wp-json\/wp\/v2\/pages\/333"}],"collection":[{"href":"https:\/\/iag.recursos.uoc.edu\/es\/wp-json\/wp\/v2\/pages"}],"about":[{"href":"https:\/\/iag.recursos.uoc.edu\/es\/wp-json\/wp\/v2\/types\/page"}],"author":[{"embeddable":true,"href":"https:\/\/iag.recursos.uoc.edu\/es\/wp-json\/wp\/v2\/users\/2"}],"replies":[{"embeddable":true,"href":"https:\/\/iag.recursos.uoc.edu\/es\/wp-json\/wp\/v2\/comments?post=333"}],"version-history":[{"count":3,"href":"https:\/\/iag.recursos.uoc.edu\/es\/wp-json\/wp\/v2\/pages\/333\/revisions"}],"predecessor-version":[{"id":336,"href":"https:\/\/iag.recursos.uoc.edu\/es\/wp-json\/wp\/v2\/pages\/333\/revisions\/336"}],"wp:attachment":[{"href":"https:\/\/iag.recursos.uoc.edu\/es\/wp-json\/wp\/v2\/media?parent=333"}],"curies":[{"name":"wp","href":"https:\/\/api.w.org\/{rel}","templated":true}]}}