{"id":337,"date":"2024-08-22T17:36:06","date_gmt":"2024-08-22T15:36:06","guid":{"rendered":"https:\/\/iag-recursos.azurewebsites.net\/?page_id=337"},"modified":"2024-09-20T14:37:53","modified_gmt":"2024-09-20T12:37:53","slug":"5-usos-mas-extendidos-de-la-ia-en-el-aprendizaje","status":"publish","type":"page","link":"https:\/\/iag.recursos.uoc.edu\/es\/5-usos-mas-extendidos-de-la-ia-en-el-aprendizaje\/","title":{"rendered":"5. Usos m\u00e1s extendidos de la IA en el aprendizaje"},"content":{"rendered":"<p>A continuaci\u00f3n, se muestran algunas aplicaciones de la IAG espec\u00edficas que podr\u00edan beneficiar al estudiantado en su proceso de aprendizaje:<\/p>\n<ul>\n<li><b>Investigaci\u00f3n y redacci\u00f3n<\/b>:\n<ul>\n<li><strong>Generaci\u00f3n de contenido<\/strong>. El estudiantado que est\u00e9 realizando una investigaci\u00f3n puede usar modelos de IAG para generar p\u00e1rrafos relacionados con su tema a partir de palabras clave o ideas principales.<\/li>\n<li><strong>Sugerencias de redacci\u00f3n<\/strong>. Las herramientas podr\u00edan ofrecer sugerencias espec\u00edficas para mejorar la coherencia, el estilo y la gram\u00e1tica de un trabajo, y proporcionar una revisi\u00f3n instant\u00e1nea.<\/li>\n<\/ul>\n<\/li>\n<li><strong><b>Asistencia en el estudio<\/b>:<\/strong>\n<ul>\n<li><strong>Resoluci\u00f3n de problemas<\/strong>. El estudiantado con dificultades para entender un problema matem\u00e1tico o cient\u00edfico puede utilizar un modelo generativo para obtener una explicaci\u00f3n paso a paso.<\/li>\n<li><strong>Generaci\u00f3n de modelos<\/strong>. La IA podr\u00eda generar modelos visuales para conceptos matem\u00e1ticos o cient\u00edficos complejos, para facilitar la comprensi\u00f3n del estudiantado.<\/li>\n<\/ul>\n<\/li>\n<li><strong><b>Trabajo cotidiano<\/b>:<\/strong>\n<ul>\n<li>Existe un conjunto de tareas que el estudiantado realiza muy a menudo a lo largo de su vida acad\u00e9mica y donde la IAG puede ayudar: traducir, corregir o resumir textos; buscar informaci\u00f3n; buscar ideas para realizar actividades; generar im\u00e1genes; mejorar presentaciones; generar ficheros de audio; traducir, transcribir o generar v\u00eddeos; mejorar c\u00f3digo escrito en un lenguaje de programaci\u00f3n, etc.<\/li>\n<\/ul>\n<\/li>\n<li><strong><b>Aprendizaje de nuevas habilidade<\/b>s:<\/strong>\n<ul>\n<li><strong>Tutoriales personalizados<\/strong>. El estudiantado que quiera aprender una nueva habilidad, como por ejemplo la programaci\u00f3n, podr\u00eda recibir tutoriales generados espec\u00edficamente para su nivel de experiencia.<\/li>\n<li><strong>Simulaciones interactivas<\/strong>. La IAG podr\u00eda crear simulaciones interactivas para el aprendizaje pr\u00e1ctico de conceptos complejos en ciertas disciplinas, como por ejemplo la f\u00edsica o la biolog\u00eda.<\/li>\n<\/ul>\n<\/li>\n<li><strong><b>Preparaci\u00f3n para ex\u00e1menes<\/b>:<\/strong>\n<ul>\n<li><strong>Generaci\u00f3n de ejercicios y preguntas<\/strong>. Como preparaci\u00f3n de un tema de estudio, el estudiantado podr\u00eda generar conjuntos de ejercicios y preguntas que aborden \u00e1reas espec\u00edficas que quiere revisar.<\/li>\n<li><strong>Revisi\u00f3n de conceptos clave<\/strong>. La IAG podr\u00eda generar res\u00famenes concisos y rese\u00f1as de conceptos clave para una revisi\u00f3n r\u00e1pida para la preparaci\u00f3n de res\u00famenes.<\/li>\n<\/ul>\n<\/li>\n<\/ul>\n<p>A pesar de estas utilidades, siempre es esencial que el estudiantado utilice estas herramientas con cuidado, verifique la autenticidad del contenido generado y mantenga los est\u00e1ndares \u00e9ticos y acad\u00e9micos establecidos en la universidad.<\/p>\n","protected":false},"excerpt":{"rendered":"<p>A continuaci\u00f3n, se muestran algunas aplicaciones de la IAG espec\u00edficas que podr\u00edan beneficiar al estudiantado en su proceso de aprendizaje: Investigaci\u00f3n y redacci\u00f3n: Generaci\u00f3n de contenido. El estudiantado que est\u00e9 realizando una investigaci\u00f3n puede usar modelos de IAG para generar p\u00e1rrafos relacionados con su tema a partir de palabras clave o ideas principales. Sugerencias de [&hellip;]<\/p>\n","protected":false},"author":2,"featured_media":0,"parent":0,"menu_order":0,"comment_status":"closed","ping_status":"closed","template":"","meta":{"_acf_changed":false,"footnotes":""},"acf":[],"_links":{"self":[{"href":"https:\/\/iag.recursos.uoc.edu\/es\/wp-json\/wp\/v2\/pages\/337"}],"collection":[{"href":"https:\/\/iag.recursos.uoc.edu\/es\/wp-json\/wp\/v2\/pages"}],"about":[{"href":"https:\/\/iag.recursos.uoc.edu\/es\/wp-json\/wp\/v2\/types\/page"}],"author":[{"embeddable":true,"href":"https:\/\/iag.recursos.uoc.edu\/es\/wp-json\/wp\/v2\/users\/2"}],"replies":[{"embeddable":true,"href":"https:\/\/iag.recursos.uoc.edu\/es\/wp-json\/wp\/v2\/comments?post=337"}],"version-history":[{"count":1,"href":"https:\/\/iag.recursos.uoc.edu\/es\/wp-json\/wp\/v2\/pages\/337\/revisions"}],"predecessor-version":[{"id":338,"href":"https:\/\/iag.recursos.uoc.edu\/es\/wp-json\/wp\/v2\/pages\/337\/revisions\/338"}],"wp:attachment":[{"href":"https:\/\/iag.recursos.uoc.edu\/es\/wp-json\/wp\/v2\/media?parent=337"}],"curies":[{"name":"wp","href":"https:\/\/api.w.org\/{rel}","templated":true}]}}